{"id":7,"date":"2018-11-27T09:17:42","date_gmt":"2018-11-27T09:17:42","guid":{"rendered":"https:\/\/youth-commute.org\/projects\/"},"modified":"2025-03-18T17:09:46","modified_gmt":"2025-03-18T17:09:46","slug":"project","status":"publish","type":"page","link":"https:\/\/youth-commute.org\/de\/project\/","title":{"rendered":"Das Projekt"},"content":{"rendered":"<div data-elementor-type=\"wp-post\" data-elementor-id=\"7\" class=\"elementor elementor-7\" data-elementor-post-type=\"page\">\n\t\t\t\t\t\t<section class=\"elementor-section elementor-top-section elementor-element elementor-element-7ac9ca5 elementor-section-boxed elementor-section-height-default elementor-section-height-default\" data-id=\"7ac9ca5\" data-element_type=\"section\" data-settings=\"{&quot;background_background&quot;:&quot;classic&quot;}\">\n\t\t\t\t\t\t\t<div class=\"elementor-background-overlay\"><\/div>\n\t\t\t\t\t\t\t<div class=\"elementor-container elementor-column-gap-default\">\n\t\t\t\t\t<div class=\"elementor-column elementor-col-100 elementor-top-column elementor-element elementor-element-90988fe\" data-id=\"90988fe\" data-element_type=\"column\">\n\t\t\t<div class=\"elementor-widget-wrap elementor-element-populated\">\n\t\t\t\t\t\t<div class=\"elementor-element elementor-element-4a1c612 elementor-widget elementor-widget-heading\" data-id=\"4a1c612\" data-element_type=\"widget\" data-widget_type=\"heading.default\">\n\t\t\t\t<div class=\"elementor-widget-container\">\n\t\t\t\t\t<h1 class=\"elementor-heading-title elementor-size-default\">Das Projekt<\/h1>\t\t\t\t<\/div>\n\t\t\t\t<\/div>\n\t\t\t\t\t<\/div>\n\t\t<\/div>\n\t\t\t\t\t<\/div>\n\t\t<\/section>\n\t\t\t\t<section class=\"elementor-section elementor-top-section elementor-element elementor-element-8bcc459 elementor-section-boxed elementor-section-height-default elementor-section-height-default\" data-id=\"8bcc459\" data-element_type=\"section\">\n\t\t\t\t\t\t<div class=\"elementor-container elementor-column-gap-default\">\n\t\t\t\t\t<div class=\"elementor-column elementor-col-100 elementor-top-column elementor-element elementor-element-aadb060\" data-id=\"aadb060\" data-element_type=\"column\">\n\t\t\t<div class=\"elementor-widget-wrap elementor-element-populated\">\n\t\t\t\t\t\t<div class=\"elementor-element elementor-element-6a65cd6 elementor-widget elementor-widget-heading\" data-id=\"6a65cd6\" data-element_type=\"widget\" data-widget_type=\"heading.default\">\n\t\t\t\t<div class=\"elementor-widget-container\">\n\t\t\t\t\t<h2 class=\"elementor-heading-title elementor-size-default\">Was ist <br>Youth &amp; Commute ?<\/h2>\t\t\t\t<\/div>\n\t\t\t\t<\/div>\n\t\t\t\t<section class=\"elementor-section elementor-inner-section elementor-element elementor-element-efc6b4e elementor-section-boxed elementor-section-height-default elementor-section-height-default\" data-id=\"efc6b4e\" data-element_type=\"section\">\n\t\t\t\t\t\t<div class=\"elementor-container elementor-column-gap-default\">\n\t\t\t\t\t<div class=\"elementor-column elementor-col-50 elementor-inner-column elementor-element elementor-element-e2e795d\" data-id=\"e2e795d\" data-element_type=\"column\">\n\t\t\t<div class=\"elementor-widget-wrap elementor-element-populated\">\n\t\t\t\t\t\t<div class=\"elementor-element elementor-element-38d9d6c elementor-widget elementor-widget-text-editor\" data-id=\"38d9d6c\" data-element_type=\"widget\" data-widget_type=\"text-editor.default\">\n\t\t\t\t<div class=\"elementor-widget-container\">\n\t\t\t\t\t\t\t\t\t<p><span style=\"font-weight: 400;\">Youth &amp; Commute ist ein strukturierter Ansatz, um die Mobilit\u00e4t marginalisierter Jugendlicher zu erh\u00f6hen, indem die Nutzung von Fahrr\u00e4dern gef\u00f6rdert wird.<\/span><\/p>\t\t\t\t\t\t\t\t<\/div>\n\t\t\t\t<\/div>\n\t\t\t\t<div class=\"elementor-element elementor-element-1740fc6 elementor-widget elementor-widget-text-editor\" data-id=\"1740fc6\" data-element_type=\"widget\" data-widget_type=\"text-editor.default\">\n\t\t\t\t<div class=\"elementor-widget-container\">\n\t\t\t\t\t\t\t\t\t<p><span style=\"font-weight: 400;\">In diesem Projekt geht es um umweltfreundlichen Verkehr, Mobilit\u00e4t, Verkehrssicherheitskompetenz und die Integration von jungen Fl\u00fcchtlingen, Migrant*innen und anderen gef\u00e4hrdeten Gruppen, die am Rande der Gesellschaft leben.<\/span><\/p>\t\t\t\t\t\t\t\t<\/div>\n\t\t\t\t<\/div>\n\t\t\t\t<div class=\"elementor-element elementor-element-7d13dbc elementor-widget elementor-widget-text-editor\" data-id=\"7d13dbc\" data-element_type=\"widget\" data-widget_type=\"text-editor.default\">\n\t\t\t\t<div class=\"elementor-widget-container\">\n\t\t\t\t\t\t\t\t\t<p><span style=\"font-weight: 400;\">Mangelnder Zugang zu Verkehrsdienstleistungen und -systemen f\u00fchrt zu sozialer Ausgrenzung. Das Fahrrad bietet den Zielgruppen eine kosteng\u00fcnstige Mobilit\u00e4t, die eine Voraussetzung f\u00fcr soziale Integration ist.<\/span><\/p>\t\t\t\t\t\t\t\t<\/div>\n\t\t\t\t<\/div>\n\t\t\t\t<div class=\"elementor-element elementor-element-0069389 elementor-widget elementor-widget-text-editor\" data-id=\"0069389\" data-element_type=\"widget\" data-widget_type=\"text-editor.default\">\n\t\t\t\t<div class=\"elementor-widget-container\">\n\t\t\t\t\t\t\t\t\t<p><span style=\"font-weight: 400;\">Job zu finden oder sogar ein eigenes Unternehmen zu gr\u00fcnden. Deshalb zeigt das Projektkonsortium des Youth &amp; Commute-Projekts auch die unternehmerischen Aspekte dieses Sektors auf.\n\nZus\u00e4tzlich hat das Radfahren einen gesundheitlichen Nutzen, der wiederum dazu beitr\u00e4gt, dass die Menschen fitter werden und die Zahl der fettleibigen Personen in Europa sinkt.<\/span><\/p>\t\t\t\t\t\t\t\t<\/div>\n\t\t\t\t<\/div>\n\t\t\t\t\t<\/div>\n\t\t<\/div>\n\t\t\t\t<div class=\"elementor-column elementor-col-50 elementor-inner-column elementor-element elementor-element-f57a6ba\" data-id=\"f57a6ba\" data-element_type=\"column\">\n\t\t\t<div class=\"elementor-widget-wrap elementor-element-populated\">\n\t\t\t\t\t\t<div class=\"elementor-element elementor-element-203b9f5 elementor-widget elementor-widget-text-editor\" data-id=\"203b9f5\" data-element_type=\"widget\" data-widget_type=\"text-editor.default\">\n\t\t\t\t<div class=\"elementor-widget-container\">\n\t\t\t\t\t\t\t\t\t<p><span style=\"font-weight: 400;\">Mangelnder Zugang zu Verkehrsdienstleistungen und -systemen f\u00fchrt zu sozialer Ausgrenzung. Das Fahrrad bietet den Zielgruppen eine kosteng\u00fcnstige Mobilit\u00e4t, die eine Voraussetzung f\u00fcr soziale Integration ist.<\/span><\/p>\t\t\t\t\t\t\t\t<\/div>\n\t\t\t\t<\/div>\n\t\t\t\t<div class=\"elementor-element elementor-element-33c0f8a elementor-widget elementor-widget-text-editor\" data-id=\"33c0f8a\" data-element_type=\"widget\" data-widget_type=\"text-editor.default\">\n\t\t\t\t<div class=\"elementor-widget-container\">\n\t\t\t\t\t\t\t\t\t<p><span style=\"font-weight: 400;\">Mit den richtigen Kenntnissen und praktischen F\u00e4higkeiten wird das Fahrrad zu einer sehr erschwinglichen M\u00f6glichkeit, sich in St\u00e4dten fortzubewegen, manchmal sogar schneller als der Nahverkehr.<\/span><\/p>\t\t\t\t\t\t\t\t<\/div>\n\t\t\t\t<\/div>\n\t\t\t\t<div class=\"elementor-element elementor-element-ed3f528 elementor-widget elementor-widget-text-editor\" data-id=\"ed3f528\" data-element_type=\"widget\" data-widget_type=\"text-editor.default\">\n\t\t\t\t<div class=\"elementor-widget-container\">\n\t\t\t\t\t\t\t\t\tIn einigen F\u00e4llen ist es sogar eine zus\u00e4tzliche Einkommensquelle. Die Zahl der Arbeitspl\u00e4tze, die direkt mit dem Radfahren zusammenh\u00e4ngen, wird in der EU auf 650.000 gesch\u00e4tzt \u2013 mit dem Potenzial f\u00fcr eine Million mehr. \n\nDas er\u00f6ffnet vielen jungen Menschen die M\u00f6glichkeit, einen dynamischen und aktiven\t\t\t\t\t\t\t\t<\/div>\n\t\t\t\t<\/div>\n\t\t\t\t\t<\/div>\n\t\t<\/div>\n\t\t\t\t\t<\/div>\n\t\t<\/section>\n\t\t\t\t\t<\/div>\n\t\t<\/div>\n\t\t\t\t\t<\/div>\n\t\t<\/section>\n\t\t\t\t<section class=\"elementor-section elementor-top-section elementor-element elementor-element-2d7974a elementor-section-boxed elementor-section-height-default elementor-section-height-default\" data-id=\"2d7974a\" data-element_type=\"section\">\n\t\t\t\t\t\t<div class=\"elementor-container elementor-column-gap-default\">\n\t\t\t\t\t<div class=\"elementor-column elementor-col-100 elementor-top-column elementor-element elementor-element-bb67fc0\" data-id=\"bb67fc0\" data-element_type=\"column\">\n\t\t\t<div class=\"elementor-widget-wrap\">\n\t\t\t\t\t\t\t<\/div>\n\t\t<\/div>\n\t\t\t\t\t<\/div>\n\t\t<\/section>\n\t\t\t\t<section class=\"elementor-section elementor-top-section elementor-element elementor-element-e8b9564 elementor-section-boxed elementor-section-height-default elementor-section-height-default\" data-id=\"e8b9564\" data-element_type=\"section\">\n\t\t\t\t\t\t<div class=\"elementor-container elementor-column-gap-default\">\n\t\t\t\t\t<div class=\"elementor-column elementor-col-100 elementor-top-column elementor-element elementor-element-3c62199\" data-id=\"3c62199\" data-element_type=\"column\">\n\t\t\t<div class=\"elementor-widget-wrap elementor-element-populated\">\n\t\t\t\t\t\t<div class=\"elementor-element elementor-element-76744ef elementor-widget elementor-widget-heading\" data-id=\"76744ef\" data-element_type=\"widget\" data-widget_type=\"heading.default\">\n\t\t\t\t<div class=\"elementor-widget-container\">\n\t\t\t\t\t<h2 class=\"elementor-heading-title elementor-size-default\">Projektziele und Ergebnisse<\/h2>\t\t\t\t<\/div>\n\t\t\t\t<\/div>\n\t\t\t\t<section class=\"elementor-section elementor-inner-section elementor-element elementor-element-b1e2da0 elementor-section-boxed elementor-section-height-default elementor-section-height-default\" data-id=\"b1e2da0\" data-element_type=\"section\">\n\t\t\t\t\t\t<div class=\"elementor-container elementor-column-gap-default\">\n\t\t\t\t\t<div class=\"elementor-column elementor-col-50 elementor-inner-column elementor-element elementor-element-1cc77a6\" data-id=\"1cc77a6\" data-element_type=\"column\">\n\t\t\t<div class=\"elementor-widget-wrap elementor-element-populated\">\n\t\t\t\t\t\t<div class=\"elementor-element elementor-element-ea44d1b elementor-widget elementor-widget-text-editor\" data-id=\"ea44d1b\" data-element_type=\"widget\" data-widget_type=\"text-editor.default\">\n\t\t\t\t<div class=\"elementor-widget-container\">\n\t\t\t\t\t\t\t\t\t<p><span style=\"font-weight: 400;\">Unser Hauptziel ist es, die Zug\u00e4nglichkeit zu Fahrr\u00e4dern zu verbessern, indem wir einen strukturierten Ansatz f\u00fcr die Arbeit mit marginalisierten Jugendlichen entwickeln, um ihnen F\u00e4higkeiten, Wissen und Motivation zu vermitteln, damit sie zu regelm\u00e4\u00dfigen Fahrradfahrer*innen werden.<\/span><\/p>\t\t\t\t\t\t\t\t<\/div>\n\t\t\t\t<\/div>\n\t\t\t\t\t<\/div>\n\t\t<\/div>\n\t\t\t\t<div class=\"elementor-column elementor-col-50 elementor-inner-column elementor-element elementor-element-adce77a\" data-id=\"adce77a\" data-element_type=\"column\">\n\t\t\t<div class=\"elementor-widget-wrap elementor-element-populated\">\n\t\t\t\t\t\t<div class=\"elementor-element elementor-element-39b8a60 elementor-widget elementor-widget-text-editor\" data-id=\"39b8a60\" data-element_type=\"widget\" data-widget_type=\"text-editor.default\">\n\t\t\t\t<div class=\"elementor-widget-container\">\n\t\t\t\t\t\t\t\t\t<p><span style=\"font-weight: 400;\">Durch nationale Untersuchungen haben wir die Ursachen und Hindernisse ermittelt, die unsere Zielgruppen, aber auch die Jugendlichen vor Ort, davon abhalten, Fahrr\u00e4der zu benutzen. Wir haben ein Programm mit Ergebnissen entwickelt, welches darauf ausgelegt ist, die Defizite zu beheben.<\/span><\/p>\t\t\t\t\t\t\t\t<\/div>\n\t\t\t\t<\/div>\n\t\t\t\t\t<\/div>\n\t\t<\/div>\n\t\t\t\t\t<\/div>\n\t\t<\/section>\n\t\t\t\t\t<\/div>\n\t\t<\/div>\n\t\t\t\t\t<\/div>\n\t\t<\/section>\n\t\t\t\t<section class=\"elementor-section elementor-top-section elementor-element elementor-element-ff2ba1f elementor-section-boxed elementor-section-height-default elementor-section-height-default\" data-id=\"ff2ba1f\" data-element_type=\"section\">\n\t\t\t\t\t\t<div class=\"elementor-container elementor-column-gap-default\">\n\t\t\t\t\t<div class=\"elementor-column elementor-col-100 elementor-top-column elementor-element elementor-element-54923c9\" data-id=\"54923c9\" data-element_type=\"column\">\n\t\t\t<div class=\"elementor-widget-wrap elementor-element-populated\">\n\t\t\t\t\t\t<div class=\"elementor-element elementor-element-2616a1a elementor-widget elementor-widget-heading\" data-id=\"2616a1a\" data-element_type=\"widget\" data-widget_type=\"heading.default\">\n\t\t\t\t<div class=\"elementor-widget-container\">\n\t\t\t\t\t<h2 class=\"elementor-heading-title elementor-size-default\">Das Projekt <br>YOUTH &amp; COMMUTE<\/h2>\t\t\t\t<\/div>\n\t\t\t\t<\/div>\n\t\t\t\t<div class=\"elementor-element elementor-element-6edfcc2 elementor-widget elementor-widget-heading\" data-id=\"6edfcc2\" data-element_type=\"widget\" data-widget_type=\"heading.default\">\n\t\t\t\t<div class=\"elementor-widget-container\">\n\t\t\t\t\t<h5 class=\"elementor-heading-title elementor-size-default\"> wird die folgenden Ergebnisse erbringen:<\/h5>\t\t\t\t<\/div>\n\t\t\t\t<\/div>\n\t\t\t\t<section class=\"elementor-section elementor-inner-section elementor-element elementor-element-f58f0b5 elementor-section-boxed elementor-section-height-default elementor-section-height-default\" data-id=\"f58f0b5\" data-element_type=\"section\">\n\t\t\t\t\t\t<div class=\"elementor-container elementor-column-gap-default\">\n\t\t\t\t\t<div class=\"elementor-column elementor-col-50 elementor-inner-column elementor-element elementor-element-3fa59e7\" data-id=\"3fa59e7\" data-element_type=\"column\">\n\t\t\t<div class=\"elementor-widget-wrap elementor-element-populated\">\n\t\t\t\t\t\t<div class=\"elementor-element elementor-element-b3c7621 elementor-widget elementor-widget-text-editor\" data-id=\"b3c7621\" data-element_type=\"widget\" data-widget_type=\"text-editor.default\">\n\t\t\t\t<div class=\"elementor-widget-container\">\n\t\t\t\t\t\t\t\t\t<p><span style=\"font-weight: 400;\">1) Ein innovatives, nutzerfreundliches Paket an Materialien (Fix &amp; Ride), das darauf abzielt, die Mobilit\u00e4t marginalisierter Jugendlicher zu erh\u00f6hen, indem es sie mit Wissen, F\u00e4higkeiten und Denkweisen ausstattet, mit denen sie in der Lage sind, Zugang zu kosteng\u00fcnstiger Mobilit\u00e4t und M\u00f6glichkeiten der sozialen Integration zu erhalten.<\/span><\/p>\t\t\t\t\t\t\t\t<\/div>\n\t\t\t\t<\/div>\n\t\t\t\t<div class=\"elementor-element elementor-element-81bb868 elementor-widget elementor-widget-text-editor\" data-id=\"81bb868\" data-element_type=\"widget\" data-widget_type=\"text-editor.default\">\n\t\t\t\t<div class=\"elementor-widget-container\">\n\t\t\t\t\t\t\t\t\t<p><span style=\"font-weight: 400;\">2) Das Front-Line Equip &amp; Empower In-Service-Trainingsprogramm richtet sich an Jugendbetreuer*innen, spezielle Sozialarbeit*innen und nicht-formale Ausbilder*innen, um\u2026<\/span><\/p>\t\t\t\t\t\t\t\t<\/div>\n\t\t\t\t<\/div>\n\t\t\t\t<div class=\"elementor-element elementor-element-7c3c903 elementor-widget elementor-widget-text-editor\" data-id=\"7c3c903\" data-element_type=\"widget\" data-widget_type=\"text-editor.default\">\n\t\t\t\t<div class=\"elementor-widget-container\">\n\t\t\t\t\t\t\t\t\t<p><span style=\"font-weight: 400;\">(a) die im Rahmen des Projekts entwickelten Materialien zu den Themen Fahrradfahren, Verkehrssicherheit, Fahrradkauf und -wartung sowie umweltfreundlichen Verkehrsmittel vorzustellen.<\/span><\/p>\t\t\t\t\t\t\t\t<\/div>\n\t\t\t\t<\/div>\n\t\t\t\t<div class=\"elementor-element elementor-element-700c3bd elementor-widget elementor-widget-text-editor\" data-id=\"700c3bd\" data-element_type=\"widget\" data-widget_type=\"text-editor.default\">\n\t\t\t\t<div class=\"elementor-widget-container\">\n\t\t\t\t\t\t\t\t\t<p><span style=\"font-weight: 400;\">(b) zu verstehen, wie wichtig ein ma\u00dfgeschneiderter, strukturierter Ansatz und eine koh\u00e4rente Kommunikationsstrategie bei der Arbeit mit marginalisierten Jugendlichen sind.<\/span><\/p>\t\t\t\t\t\t\t\t<\/div>\n\t\t\t\t<\/div>\n\t\t\t\t\t<\/div>\n\t\t<\/div>\n\t\t\t\t<div class=\"elementor-column elementor-col-50 elementor-inner-column elementor-element elementor-element-44c1f4e\" data-id=\"44c1f4e\" data-element_type=\"column\">\n\t\t\t<div class=\"elementor-widget-wrap elementor-element-populated\">\n\t\t\t\t\t\t<div class=\"elementor-element elementor-element-36b646a elementor-widget elementor-widget-text-editor\" data-id=\"36b646a\" data-element_type=\"widget\" data-widget_type=\"text-editor.default\">\n\t\t\t\t<div class=\"elementor-widget-container\">\n\t\t\t\t\t\t\t\t\t<p><span style=\"font-weight: 400;\">(c) die kulturellen Aspekte der Radfahrpraxis zu verstehen.<\/span><\/p>\t\t\t\t\t\t\t\t<\/div>\n\t\t\t\t<\/div>\n\t\t\t\t<div class=\"elementor-element elementor-element-b241142 elementor-widget elementor-widget-text-editor\" data-id=\"b241142\" data-element_type=\"widget\" data-widget_type=\"text-editor.default\">\n\t\t\t\t<div class=\"elementor-widget-container\">\n\t\t\t\t\t\t\t\t\t<p><span style=\"font-weight: 400;\">(d) die Prinzipien und Vorteile von integrierten Lernumgebungen mit Jugendlichen verstehen.<\/span><\/p>\t\t\t\t\t\t\t\t<\/div>\n\t\t\t\t<\/div>\n\t\t\t\t<div class=\"elementor-element elementor-element-ec13334 elementor-widget elementor-widget-text-editor\" data-id=\"ec13334\" data-element_type=\"widget\" data-widget_type=\"text-editor.default\">\n\t\t\t\t<div class=\"elementor-widget-container\">\n\t\t\t\t\t\t\t\t\t<span style=\"font-weight: 400;\">(e) die Grunds\u00e4tze und Vorteile des Einsatzes von Videos, Storytelling und Gamification-Strategien bei der Arbeit mit marginalisierten Jugendlichen zu verstehen, um Stereotypen zu \u00fcberwinden.<\/span>\t\t\t\t\t\t\t\t<\/div>\n\t\t\t\t<\/div>\n\t\t\t\t<div class=\"elementor-element elementor-element-d09abd1 elementor-widget elementor-widget-text-editor\" data-id=\"d09abd1\" data-element_type=\"widget\" data-widget_type=\"text-editor.default\">\n\t\t\t\t<div class=\"elementor-widget-container\">\n\t\t\t\t\t\t\t\t\t<p><span style=\"font-weight: 400;\">3) Ein benutzerfreundliches Online-Portal, das eine mehrsprachige und interaktive Online-Plattform bereitstellt, um den vollst\u00e4ndigen Zugang zu den im Rahmen des Projekts entwickelten Materialien f\u00fcr die Zielgruppen und Akteure zu erm\u00f6glichen.<\/span><\/p>\t\t\t\t\t\t\t\t<\/div>\n\t\t\t\t<\/div>\n\t\t\t\t<div class=\"elementor-element elementor-element-3cc2bfc elementor-widget elementor-widget-text-editor\" data-id=\"3cc2bfc\" data-element_type=\"widget\" data-widget_type=\"text-editor.default\">\n\t\t\t\t<div class=\"elementor-widget-container\">\n\t\t\t\t\t\t\t\t\t<p><span style=\"font-weight: 400;\">4) YOUTH &amp; COMMUTE ORG als eine nicht-formale Organisation in Form einer Strategie in allen Partner-L\u00e4ndern; ein System, das leicht in allen Partner-L\u00e4ndern des Projekts eingerichtet, aber auch europaweit repliziert werden kann.<\/span><\/p>\t\t\t\t\t\t\t\t<\/div>\n\t\t\t\t<\/div>\n\t\t\t\t\t<\/div>\n\t\t<\/div>\n\t\t\t\t\t<\/div>\n\t\t<\/section>\n\t\t\t\t\t<\/div>\n\t\t<\/div>\n\t\t\t\t\t<\/div>\n\t\t<\/section>\n\t\t\t\t<section class=\"elementor-section elementor-top-section elementor-element elementor-element-bfb8742 elementor-section-boxed elementor-section-height-default elementor-section-height-default\" data-id=\"bfb8742\" data-element_type=\"section\" data-settings=\"{&quot;background_background&quot;:&quot;classic&quot;}\">\n\t\t\t\t\t\t<div class=\"elementor-container elementor-column-gap-default\">\n\t\t\t\t\t<div class=\"elementor-column elementor-col-100 elementor-top-column elementor-element elementor-element-66b9286\" data-id=\"66b9286\" data-element_type=\"column\">\n\t\t\t<div class=\"elementor-widget-wrap elementor-element-populated\">\n\t\t\t\t\t\t<section class=\"elementor-section elementor-inner-section elementor-element elementor-element-15f42ee elementor-section-boxed elementor-section-height-default elementor-section-height-default\" data-id=\"15f42ee\" data-element_type=\"section\" data-settings=\"{&quot;background_background&quot;:&quot;classic&quot;}\">\n\t\t\t\t\t\t<div class=\"elementor-container elementor-column-gap-default\">\n\t\t\t\t\t<div class=\"elementor-column elementor-col-50 elementor-inner-column elementor-element elementor-element-f2c56ca\" data-id=\"f2c56ca\" data-element_type=\"column\">\n\t\t\t<div class=\"elementor-widget-wrap elementor-element-populated\">\n\t\t\t\t\t\t<div class=\"elementor-element elementor-element-e762740 elementor-widget elementor-widget-image\" data-id=\"e762740\" data-element_type=\"widget\" data-widget_type=\"image.default\">\n\t\t\t\t<div class=\"elementor-widget-container\">\n\t\t\t\t\t\t\t\t\t\t\t\t\t\t\t<img fetchpriority=\"high\" decoding=\"async\" width=\"712\" height=\"149\" src=\"https:\/\/youth-commute.org\/wp-content\/uploads\/2024\/06\/DE-Kofinanziert-von-der-Europaeischen-Union_POS.png\" class=\"attachment-medium_large size-medium_large wp-image-611\" alt=\"\" srcset=\"https:\/\/youth-commute.org\/wp-content\/uploads\/2024\/06\/DE-Kofinanziert-von-der-Europaeischen-Union_POS.png 4247w, https:\/\/youth-commute.org\/wp-content\/uploads\/2024\/06\/DE-Kofinanziert-von-der-Europaeischen-Union_POS-300x63.png 300w, https:\/\/youth-commute.org\/wp-content\/uploads\/2024\/06\/DE-Kofinanziert-von-der-Europaeischen-Union_POS-1024x215.png 1024w, https:\/\/youth-commute.org\/wp-content\/uploads\/2024\/06\/DE-Kofinanziert-von-der-Europaeischen-Union_POS-768x161.png 768w, https:\/\/youth-commute.org\/wp-content\/uploads\/2024\/06\/DE-Kofinanziert-von-der-Europaeischen-Union_POS-1536x322.png 1536w, https:\/\/youth-commute.org\/wp-content\/uploads\/2024\/06\/DE-Kofinanziert-von-der-Europaeischen-Union_POS-2048x430.png 2048w, https:\/\/youth-commute.org\/wp-content\/uploads\/2024\/06\/DE-Kofinanziert-von-der-Europaeischen-Union_POS-18x4.png 18w\" sizes=\"(max-width: 712px) 100vw, 712px\" \/>\t\t\t\t\t\t\t\t\t\t\t\t\t\t\t<\/div>\n\t\t\t\t<\/div>\n\t\t\t\t\t<\/div>\n\t\t<\/div>\n\t\t\t\t<div class=\"elementor-column elementor-col-50 elementor-inner-column elementor-element elementor-element-b3c5a54\" data-id=\"b3c5a54\" data-element_type=\"column\">\n\t\t\t<div class=\"elementor-widget-wrap elementor-element-populated\">\n\t\t\t\t\t\t<div class=\"elementor-element elementor-element-819671a elementor-widget elementor-widget-text-editor\" data-id=\"819671a\" data-element_type=\"widget\" data-widget_type=\"text-editor.default\">\n\t\t\t\t<div class=\"elementor-widget-container\">\n\t\t\t\t\t\t\t\t\t<table class=\"ecl-table\"><tbody class=\"ecl-table__body\"><tr class=\"ecl-table__row\"><td><p>Von der Europ\u00e4ischen Union finanziert. Die ge\u00e4u\u00dferten Ansichten und Meinungen entsprechen jedoch ausschlie\u00dflich denen des Autors bzw. der Autoren und spiegeln nicht zwingend die der Europ\u00e4ischen Union oder der Europ\u00e4ischen Exekutivagentur f\u00fcr Bildung und Kultur (EACEA) wider. Weder die Europ\u00e4ische Union noch die EACEA k\u00f6nnen daf\u00fcr verantwortlich gemacht werden.<\/p><\/td><\/tr><\/tbody><\/table>\t\t\t\t\t\t\t\t<\/div>\n\t\t\t\t<\/div>\n\t\t\t\t\t<\/div>\n\t\t<\/div>\n\t\t\t\t\t<\/div>\n\t\t<\/section>\n\t\t\t\t\t<\/div>\n\t\t<\/div>\n\t\t\t\t\t<\/div>\n\t\t<\/section>\n\t\t<div class=\"elementor-element elementor-element-7db69e6 e-flex e-con-boxed e-con e-parent\" data-id=\"7db69e6\" data-element_type=\"container\">\n\t\t\t\t\t<div class=\"e-con-inner\">\n\t\t\t\t\t<\/div>\n\t\t\t\t<\/div>\n\t\t\t\t<\/div>","protected":false},"excerpt":{"rendered":"<p>The Project What is Youth &amp; Commute ? Youth &amp; Commute is a structured approach for increasing the mobility of marginalized youth by promoting the use of bicycles. With this project we are addressing green transport and mobility, road safety literacy and the mobility and inclusion of young refugees, migrants and other groups living at [&hellip;]<\/p>","protected":false},"author":1,"featured_media":0,"parent":0,"menu_order":0,"comment_status":"closed","ping_status":"closed","template":"","meta":{"site-sidebar-layout":"no-sidebar","site-content-layout":"page-builder","ast-site-content-layout":"full-width-container","site-content-style":"unboxed","site-sidebar-style":"unboxed","ast-global-header-display":"","ast-banner-title-visibility":"","ast-main-header-display":"","ast-hfb-above-header-display":"","ast-hfb-below-header-display":"","ast-hfb-mobile-header-display":"","site-post-title":"disabled","ast-breadcrumbs-content":"","ast-featured-img":"disabled","footer-sml-layout":"","theme-transparent-header-meta":"enabled","adv-header-id-meta":"","stick-header-meta":"","header-above-stick-meta":"","header-main-stick-meta":"","header-below-stick-meta":"","astra-migrate-meta-layouts":"set","ast-page-background-enabled":"default","ast-page-background-meta":{"desktop":{"background-color":"","background-image":"","background-repeat":"repeat","background-position":"center center","background-size":"auto","background-attachment":"scroll","background-type":"","background-media":"","overlay-type":"","overlay-color":"","overlay-opacity":"","overlay-gradient":""},"tablet":{"background-color":"","background-image":"","background-repeat":"repeat","background-position":"center center","background-size":"auto","background-attachment":"scroll","background-type":"","background-media":"","overlay-type":"","overlay-color":"","overlay-opacity":"","overlay-gradient":""},"mobile":{"background-color":"","background-image":"","background-repeat":"repeat","background-position":"center center","background-size":"auto","background-attachment":"scroll","background-type":"","background-media":"","overlay-type":"","overlay-color":"","overlay-opacity":"","overlay-gradient":""}},"ast-content-background-meta":{"desktop":{"background-color":"var(--ast-global-color-5)","background-image":"","background-repeat":"repeat","background-position":"center center","background-size":"auto","background-attachment":"scroll","background-type":"","background-media":"","overlay-type":"","overlay-color":"","overlay-opacity":"","overlay-gradient":""},"tablet":{"background-color":"var(--ast-global-color-5)","background-image":"","background-repeat":"repeat","background-position":"center center","background-size":"auto","background-attachment":"scroll","background-type":"","background-media":"","overlay-type":"","overlay-color":"","overlay-opacity":"","overlay-gradient":""},"mobile":{"background-color":"var(--ast-global-color-5)","background-image":"","background-repeat":"repeat","background-position":"center center","background-size":"auto","background-attachment":"scroll","background-type":"","background-media":"","overlay-type":"","overlay-color":"","overlay-opacity":"","overlay-gradient":""}},"footnotes":""},"class_list":["post-7","page","type-page","status-publish","hentry"],"_links":{"self":[{"href":"https:\/\/youth-commute.org\/de\/wp-json\/wp\/v2\/pages\/7","targetHints":{"allow":["GET"]}}],"collection":[{"href":"https:\/\/youth-commute.org\/de\/wp-json\/wp\/v2\/pages"}],"about":[{"href":"https:\/\/youth-commute.org\/de\/wp-json\/wp\/v2\/types\/page"}],"author":[{"embeddable":true,"href":"https:\/\/youth-commute.org\/de\/wp-json\/wp\/v2\/users\/1"}],"replies":[{"embeddable":true,"href":"https:\/\/youth-commute.org\/de\/wp-json\/wp\/v2\/comments?post=7"}],"version-history":[{"count":91,"href":"https:\/\/youth-commute.org\/de\/wp-json\/wp\/v2\/pages\/7\/revisions"}],"predecessor-version":[{"id":3684,"href":"https:\/\/youth-commute.org\/de\/wp-json\/wp\/v2\/pages\/7\/revisions\/3684"}],"wp:attachment":[{"href":"https:\/\/youth-commute.org\/de\/wp-json\/wp\/v2\/media?parent=7"}],"curies":[{"name":"wp","href":"https:\/\/api.w.org\/{rel}","templated":true}]}}